{"id":2535,"date":"2025-09-08T15:09:56","date_gmt":"2025-09-08T13:09:56","guid":{"rendered":"https:\/\/themalloutlet.pl\/?post_type=product&#038;p=2535"},"modified":"2025-09-12T13:04:04","modified_gmt":"2025-09-12T11:04:04","slug":"new-balance-9060-sea-salt-brown","status":"publish","type":"product","link":"https:\/\/themalloutlet.pl\/?product=new-balance-9060-sea-salt-brown","title":{"rendered":"New Balance 9060 \u201eSea Salt Brown\u201d"},"content":{"rendered":"<h3 data-start=\"144\" data-end=\"215\"><strong data-start=\"148\" data-end=\"215\">New Balance 9060 \u201eSea Salt Brown\u201d \u2013 retro minimalizm z nut\u0105 Y2K<\/strong><\/h3>\n<p data-start=\"217\" data-end=\"712\">New Balance 9060 \u201eSea Salt Brown\u201d (U9060JAM) to sneakers, kt\u00f3ry \u0142\u0105czy design inspirowany pocz\u0105tkiem lat 2000 z minimalistycznym, ciep\u0142ym wyko\u0144czeniem. Neutralna paleta barw \u2013 odcie\u0144 bia\u0142ej soli (Sea Salt), be\u017cowy suede i tonalne br\u0105zowe akcenty \u2013 nadaje butom eleganckiego stonowania, a jednocze\u015bnie pozwala si\u0119 \u0142atwo wkomponowa\u0107 w codzienne i streetwearowe stylizacje. Widoczny CR-stabilizer przy pi\u0119cie i charakterystyczne &#8220;sway bars&#8221; przypominaj\u0105 o futurystycznych liniach sylwetek z ery Y2K.<\/p>\n<p data-start=\"714\" data-end=\"1152\">Model wyr\u00f3\u017cnia si\u0119 tak\u017ce komfortem: podw\u00f3jna podeszwa z piank\u0105 ABZORB i SBS gwarantuje mi\u0119kk\u0105 amortyzacj\u0119, a diamentowy bie\u017cnik zapewnia przyczepno\u015b\u0107 i stabilno\u015b\u0107. Przewiewna cholewka z mesh \u0142\u0105czy si\u0119 z wysokiej jako\u015bci zamszowymi i sk\u00f3rzanymi panelami, co daje poczucie luksusu i solidno\u015b\u0107 wykonania. New Balance 9060 \u201eSea Salt Brown\u201d to propozycja dla tych, kt\u00f3rzy ceni\u0105 subtelny styl, doskona\u0142y komfort i futurystyczne detale w jednym.<\/p>\n<hr data-start=\"1154\" data-end=\"1157\" \/>\n<h3 data-start=\"1159\" data-end=\"1187\"><strong data-start=\"1163\" data-end=\"1185\">Szczeg\u00f3\u0142y produktu<\/strong><\/h3>\n<ul data-start=\"1188\" data-end=\"1717\">\n<li data-start=\"1188\" data-end=\"1236\">\n<p data-start=\"1190\" data-end=\"1236\"><strong data-start=\"1190\" data-end=\"1200\">Model:<\/strong> New Balance 9060 \u201eSea Salt Brown\u201d<\/p>\n<\/li>\n<li data-start=\"1237\" data-end=\"1313\">\n<p data-start=\"1239\" data-end=\"1313\"><strong data-start=\"1239\" data-end=\"1260\">Numer katalogowy:<\/strong> <strong data-start=\"1261\" data-end=\"1273\">U9060JAM<\/strong> <span class=\"\" data-state=\"closed\"><span class=\"ms-1 inline-flex max-w-full items-center relative top-[-0.094rem] animate-[show_150ms_ease-in]\" data-testid=\"webpage-citation-pill\"><a class=\"flex h-4.5 overflow-hidden rounded-xl px-2 text-[9px] font-medium text-token-text-secondary! bg-[#F4F4F4]! dark:bg-[#303030]! transition-colors duration-150 ease-in-out\" href=\"https:\/\/www.nicekicks.com\/new-balance-9060-sea-salt-u9060jam\/?utm_source=chatgpt.com\" target=\"_blank\" rel=\"noopener\"><span class=\"relative start-0 bottom-0 flex h-full w-full items-center\"><span class=\"flex h-4 w-full items-center justify-between overflow-hidden\"><span class=\"max-w-full grow truncate overflow-hidden text-center\">Nice Kicks<\/span><\/span><\/span><\/a><\/span><\/span><span class=\"\" data-state=\"closed\"><span class=\"ms-1 inline-flex max-w-full items-center relative top-[-0.094rem] animate-[show_150ms_ease-in]\" data-testid=\"webpage-citation-pill\"><a class=\"flex h-4.5 overflow-hidden rounded-xl px-2 text-[9px] font-medium text-token-text-secondary! bg-[#F4F4F4]! dark:bg-[#303030]! transition-colors duration-150 ease-in-out\" href=\"https:\/\/www.goat.com\/sneakers\/9060-sea-salt-brown-u9060jam?utm_source=chatgpt.com\" target=\"_blank\" rel=\"noopener\"><span class=\"relative start-0 bottom-0 flex h-full w-full items-center\"><span class=\"flex h-4 w-full items-center justify-between overflow-hidden\"><span class=\"max-w-full grow truncate overflow-hidden text-center\">Goat<\/span><\/span><\/span><\/a><\/span><\/span><\/p>\n<\/li>\n<li data-start=\"1314\" data-end=\"1413\">\n<p data-start=\"1316\" data-end=\"1413\"><strong data-start=\"1316\" data-end=\"1329\">Cholewka:<\/strong> pale tan mesh z nak\u0142adkami z zamszu i sk\u00f3ry <span class=\"\" data-state=\"closed\"><span class=\"ms-1 inline-flex max-w-full items-center relative top-[-0.094rem] animate-[show_150ms_ease-in]\" data-testid=\"webpage-citation-pill\"><a class=\"flex h-4.5 overflow-hidden rounded-xl px-2 text-[9px] font-medium text-token-text-secondary! bg-[#F4F4F4]! dark:bg-[#303030]! transition-colors duration-150 ease-in-out\" href=\"https:\/\/www.goat.com\/sneakers\/9060-sea-salt-brown-u9060jam?utm_source=chatgpt.com\" target=\"_blank\" rel=\"noopener\"><span class=\"relative start-0 bottom-0 flex h-full w-full items-center\"><span class=\"flex h-4 w-full items-center justify-between overflow-hidden\"><span class=\"max-w-full grow truncate overflow-hidden text-center\">Goat<\/span><\/span><\/span><\/a><\/span><\/span><span class=\"\" data-state=\"closed\"><span class=\"ms-1 inline-flex max-w-full items-center relative top-[-0.094rem] animate-[show_150ms_ease-in]\" data-testid=\"webpage-citation-pill\"><a class=\"flex h-4.5 overflow-hidden rounded-xl px-2 text-[9px] font-medium text-token-text-secondary! bg-[#F4F4F4]! dark:bg-[#303030]! transition-colors duration-150 ease-in-out\" href=\"https:\/\/www.nicekicks.com\/new-balance-9060-sea-salt-u9060jam\/?utm_source=chatgpt.com\" target=\"_blank\" rel=\"noopener\"><span class=\"relative start-0 bottom-0 flex h-full w-full items-center\"><span class=\"flex h-4 w-full items-center justify-between overflow-hidden\"><span class=\"max-w-full grow truncate overflow-hidden text-center\">Nice Kicks<\/span><\/span><\/span><\/a><\/span><\/span><\/p>\n<\/li>\n<li data-start=\"1414\" data-end=\"1547\">\n<p data-start=\"1416\" data-end=\"1547\"><strong data-start=\"1416\" data-end=\"1432\">Technologie:<\/strong> podw\u00f3jna podeszwa ABZORB + SBS z przezroczy\u015bta stabilizacj\u0105 CR przy pi\u0119cie <span class=\"\" data-state=\"closed\"><span class=\"ms-1 inline-flex max-w-full items-center relative top-[-0.094rem] animate-[show_150ms_ease-in]\" data-testid=\"webpage-citation-pill\"><a class=\"flex h-4.5 overflow-hidden rounded-xl px-2 text-[9px] font-medium text-token-text-secondary! bg-[#F4F4F4]! dark:bg-[#303030]! transition-colors duration-150 ease-in-out\" href=\"https:\/\/www.goat.com\/sneakers\/9060-sea-salt-brown-u9060jam?utm_source=chatgpt.com\" target=\"_blank\" rel=\"noopener\"><span class=\"relative start-0 bottom-0 flex h-full w-full items-center\"><span class=\"flex h-4 w-full items-center justify-between overflow-hidden\"><span class=\"max-w-full grow truncate overflow-hidden text-center\">Goat<\/span><\/span><\/span><\/a><\/span><\/span><\/p>\n<\/li>\n<li data-start=\"1548\" data-end=\"1597\">\n<p data-start=\"1550\" data-end=\"1597\"><strong data-start=\"1550\" data-end=\"1559\">Styl:<\/strong> lifestyle \/ streetwear \/ retro-tech<\/p>\n<\/li>\n<li data-start=\"1598\" data-end=\"1717\">\n<p data-start=\"1600\" data-end=\"1717\"><strong data-start=\"1600\" data-end=\"1616\">Kolorystyka:<\/strong> Sea Salt \/ Brown \/ Beige \u2013 kremowe, be\u017cowe i br\u0105zowe tonacje <span class=\"\" data-state=\"closed\"><span class=\"ms-1 inline-flex max-w-full items-center relative top-[-0.094rem] animate-[show_150ms_ease-in]\" data-testid=\"webpage-citation-pill\"><a class=\"flex h-4.5 overflow-hidden rounded-xl px-2 text-[9px] font-medium text-token-text-secondary! bg-[#F4F4F4]! dark:bg-[#303030]! transition-colors duration-150 ease-in-out\" href=\"https:\/\/www.nicekicks.com\/new-balance-9060-sea-salt-u9060jam\/?utm_source=chatgpt.com\" target=\"_blank\" rel=\"noopener\"><span class=\"relative start-0 bottom-0 flex h-full w-full items-center\"><span class=\"flex h-4 w-full items-center justify-between overflow-hidden\"><span class=\"max-w-full grow truncate overflow-hidden text-center\">Nice Kicks<\/span><\/span><\/span><\/a><\/span><\/span><span class=\"\" data-state=\"closed\"><span class=\"ms-1 inline-flex max-w-full items-center relative top-[-0.094rem] animate-[show_150ms_ease-in]\" data-testid=\"webpage-citation-pill\"><a class=\"flex h-4.5 overflow-hidden rounded-xl px-2 text-[9px] font-medium text-token-text-secondary! bg-[#F4F4F4]! dark:bg-[#303030]! transition-colors duration-150 ease-in-out\" href=\"https:\/\/www.goat.com\/sneakers\/9060-sea-salt-brown-u9060jam?utm_source=chatgpt.com\" target=\"_blank\" rel=\"noopener\"><span class=\"relative start-0 bottom-0 flex h-full w-full items-center\"><span class=\"flex h-4 w-full items-center justify-between overflow-hidden\"><span class=\"max-w-full grow truncate overflow-hidden text-center\">Goat<\/span><\/span><\/span><\/a><\/span><\/span><\/p>\n<\/li>\n<\/ul>\n<hr data-start=\"1719\" data-end=\"1722\" \/>\n<p data-start=\"1724\" data-end=\"1906\">\ud83d\uded2 <em data-start=\"1727\" data-end=\"1906\">Produkt dost\u0119pny w wersji outletowej \u2013 oryginalne New Balance 9060 \u201eSea Salt Brown\u201d w atrakcyjnej cenie. Idealne po\u0142\u0105czenie retro-futurystycznego designu i codziennego komfortu.<\/em><\/p>\n","protected":false},"excerpt":{"rendered":"<p><strong data-start=\"1947\" data-end=\"1995\">New Balance 9060 \u201eSea Salt Brown\u201d (U9060JAM)<\/strong> \u2013 stonowany kolor Sea Salt z br\u0105zowymi akcentami, amortyzacj\u0105 ABZORB + SBS i stabilizacj\u0105 CR dla komfortu i stylu.<\/p>\n","protected":false},"featured_media":2646,"comment_status":"open","ping_status":"closed","template":"","meta":[],"product_brand":[],"product_cat":[47,51],"product_tag":[],"class_list":{"0":"post-2535","1":"product","2":"type-product","3":"status-publish","4":"has-post-thumbnail","6":"product_cat-buty","7":"product_cat-new-balance","9":"first","10":"instock","11":"sale","12":"shipping-taxable","13":"purchasable","14":"product-type-variable"},"jetpack_sharing_enabled":true,"_links":{"self":[{"href":"https:\/\/themalloutlet.pl\/index.php?rest_route=\/wp\/v2\/product\/2535","targetHints":{"allow":["GET"]}}],"collection":[{"href":"https:\/\/themalloutlet.pl\/index.php?rest_route=\/wp\/v2\/product"}],"about":[{"href":"https:\/\/themalloutlet.pl\/index.php?rest_route=\/wp\/v2\/types\/product"}],"replies":[{"embeddable":true,"href":"https:\/\/themalloutlet.pl\/index.php?rest_route=%2Fwp%2Fv2%2Fcomments&post=2535"}],"wp:featuredmedia":[{"embeddable":true,"href":"https:\/\/themalloutlet.pl\/index.php?rest_route=\/wp\/v2\/media\/2646"}],"wp:attachment":[{"href":"https:\/\/themalloutlet.pl\/index.php?rest_route=%2Fwp%2Fv2%2Fmedia&parent=2535"}],"wp:term":[{"taxonomy":"product_brand","embeddable":true,"href":"https:\/\/themalloutlet.pl\/index.php?rest_route=%2Fwp%2Fv2%2Fproduct_brand&post=2535"},{"taxonomy":"product_cat","embeddable":true,"href":"https:\/\/themalloutlet.pl\/index.php?rest_route=%2Fwp%2Fv2%2Fproduct_cat&post=2535"},{"taxonomy":"product_tag","embeddable":true,"href":"https:\/\/themalloutlet.pl\/index.php?rest_route=%2Fwp%2Fv2%2Fproduct_tag&post=2535"}],"curies":[{"name":"wp","href":"https:\/\/api.w.org\/{rel}","templated":true}]}}