{"id":2412,"date":"2025-09-08T09:12:47","date_gmt":"2025-09-08T07:12:47","guid":{"rendered":"https:\/\/themalloutlet.pl\/?post_type=product&#038;p=2412"},"modified":"2025-09-12T14:07:11","modified_gmt":"2025-09-12T12:07:11","slug":"2412","status":"publish","type":"product","link":"https:\/\/themalloutlet.pl\/?product=2412","title":{"rendered":"New Balance 9060 \u201eWhite \/ True Red\u201d"},"content":{"rendered":"<h3 data-start=\"44\" data-end=\"123\">New Balance 9060 \u201eWhite \/ True Red\u201d (U9060JBE) \u2013 retrofuturystyczny klasyk<\/h3>\n<p data-start=\"125\" data-end=\"201\"><span class=\"relative -mx-px my-[-0.2rem] rounded px-px py-[0.2rem] transition-colors duration-100 ease-in-out\">Nowy model <strong data-start=\"11\" data-end=\"38\">9060 \u201eWhite \/ True Red\u201d<\/strong> \u0142\u0105czy w sobie dziedzictwo serii 99X z futurystyczn\u0105 estetyk\u0105 Y2K. Inspirowany modelem Air Max\u00a01, zachowuje unikalny balans pomi\u0119dzy nowoczesnym designem a nostalgi\u0105 lat 2000. Bia\u0142a, przewiewna siateczka oraz czerwone zamszowe nak\u0142adki tworz\u0105 efekt wizualnego kontrastu, kt\u00f3ry przyci\u0105ga uwag\u0119 (np. logo <em data-start=\"341\" data-end=\"344\">N<\/em> w czerwonym odcieniu), a dodatkowe elementy w kolorach tanah i be\u017cu pog\u0142\u0119biaj\u0105 ca\u0142o\u015b\u0107<\/span>\u00a0.<\/p>\n<p data-start=\"203\" data-end=\"279\"><span class=\"relative -mx-px my-[-0.2rem] rounded px-px py-[0.2rem] transition-colors duration-100 ease-in-out\">Cholewka z siateczki i zamszu \u0142\u0105czy komfort z solidno\u015bci\u0105, a zastosowane technologie sprawiaj\u0105, \u017ce 9060 to model r\u00f3wnie wygodny, co stylowy. Podw\u00f3jne podeszwy z ABZORB i SBS zapewniaj\u0105 amortyzowan\u0105 wygod\u0119, a detale takie jak w\u0119\u017csze paski z serii 990 (\u201esway bars\u201d), logo inspirowane 991, prze\u017aroczysty element CR na pi\u0119cie czy diamentowy bie\u017cnik z serii 860 dodatkowo podnosz\u0105 charakter tej sylwetki<\/span>.<\/p>\n<hr data-start=\"281\" data-end=\"284\" \/>\n<h3 data-start=\"286\" data-end=\"309\">Szczeg\u00f3\u0142y produktu<\/h3>\n<ul data-start=\"310\" data-end=\"724\">\n<li data-start=\"310\" data-end=\"360\">\n<p data-start=\"312\" data-end=\"360\"><strong data-start=\"312\" data-end=\"322\">Model:<\/strong> New Balance 9060 \u201eWhite \/ True Red\u201d<\/p>\n<\/li>\n<li data-start=\"361\" data-end=\"392\">\n<p data-start=\"363\" data-end=\"392\"><strong data-start=\"363\" data-end=\"377\">Kod\/numer:<\/strong> <strong data-start=\"378\" data-end=\"390\">U9060JBE<\/strong><\/p>\n<\/li>\n<li data-start=\"393\" data-end=\"448\">\n<p data-start=\"395\" data-end=\"448\"><strong data-start=\"395\" data-end=\"408\">Cholewka:<\/strong> przewiewna siateczka + czerwony zamsz<\/p>\n<\/li>\n<li data-start=\"449\" data-end=\"515\">\n<p data-start=\"451\" data-end=\"515\"><strong data-start=\"451\" data-end=\"464\">Podeszwa:<\/strong> podw\u00f3jna pianka ABZORB + SBS, diamentowy bie\u017cnik<\/p>\n<\/li>\n<li data-start=\"516\" data-end=\"622\">\n<p data-start=\"518\" data-end=\"622\"><strong data-start=\"518\" data-end=\"530\">Dodatki:<\/strong> \u201esway bars\u201d nawi\u0105zuj\u0105ce do 990, logo jak w modelu 991, przezroczysty element CR na pi\u0119cie<\/p>\n<\/li>\n<li data-start=\"623\" data-end=\"672\">\n<p data-start=\"625\" data-end=\"672\"><strong data-start=\"625\" data-end=\"634\">Styl:<\/strong> lifestyle \/ streetwear \/ retro-tech<\/p>\n<\/li>\n<li data-start=\"673\" data-end=\"724\">\n<p data-start=\"675\" data-end=\"724\"><strong data-start=\"675\" data-end=\"691\">Kolorystyka:<\/strong> White \/ True Red \/ Tan accents<\/p>\n<\/li>\n<\/ul>\n<hr data-start=\"726\" data-end=\"729\" \/>\n<p data-start=\"731\" data-end=\"892\">\ud83d\uded2 <em data-start=\"734\" data-end=\"892\">Dost\u0119pny jako wersja outletowa \u2013 w atrakcyjnej cenie, idealna dla os\u00f3b, kt\u00f3re chc\u0105 doda\u0107 do swojej kolekcji model o wyj\u0105tkowym designie i immense komforcie.<\/em><\/p>\n","protected":false},"excerpt":{"rendered":"<p data-start=\"928\" data-end=\"1126\"><strong data-start=\"928\" data-end=\"967\">New Balance 9060 \u201eWhite \/ True Red\u201d<\/strong> to futurystyczna interpretacja klasyk\u00f3w \u2013 bia\u0142e siateczkowe cholewki z czerwonymi zamszowymi akcentami, amortyzacja ABZORB + SBS i stylistyka inspirowana Y2K.<\/p>\n<p data-start=\"1128\" data-end=\"1156\">\n","protected":false},"featured_media":2649,"comment_status":"open","ping_status":"closed","template":"","meta":[],"product_brand":[],"product_cat":[47,51],"product_tag":[],"class_list":{"0":"post-2412","1":"product","2":"type-product","3":"status-publish","4":"has-post-thumbnail","6":"product_cat-buty","7":"product_cat-new-balance","9":"first","10":"instock","11":"sale","12":"shipping-taxable","13":"purchasable","14":"product-type-variable"},"jetpack_sharing_enabled":true,"_links":{"self":[{"href":"https:\/\/themalloutlet.pl\/index.php?rest_route=\/wp\/v2\/product\/2412","targetHints":{"allow":["GET"]}}],"collection":[{"href":"https:\/\/themalloutlet.pl\/index.php?rest_route=\/wp\/v2\/product"}],"about":[{"href":"https:\/\/themalloutlet.pl\/index.php?rest_route=\/wp\/v2\/types\/product"}],"replies":[{"embeddable":true,"href":"https:\/\/themalloutlet.pl\/index.php?rest_route=%2Fwp%2Fv2%2Fcomments&post=2412"}],"wp:featuredmedia":[{"embeddable":true,"href":"https:\/\/themalloutlet.pl\/index.php?rest_route=\/wp\/v2\/media\/2649"}],"wp:attachment":[{"href":"https:\/\/themalloutlet.pl\/index.php?rest_route=%2Fwp%2Fv2%2Fmedia&parent=2412"}],"wp:term":[{"taxonomy":"product_brand","embeddable":true,"href":"https:\/\/themalloutlet.pl\/index.php?rest_route=%2Fwp%2Fv2%2Fproduct_brand&post=2412"},{"taxonomy":"product_cat","embeddable":true,"href":"https:\/\/themalloutlet.pl\/index.php?rest_route=%2Fwp%2Fv2%2Fproduct_cat&post=2412"},{"taxonomy":"product_tag","embeddable":true,"href":"https:\/\/themalloutlet.pl\/index.php?rest_route=%2Fwp%2Fv2%2Fproduct_tag&post=2412"}],"curies":[{"name":"wp","href":"https:\/\/api.w.org\/{rel}","templated":true}]}}