{"id":2007,"date":"2025-08-26T18:11:37","date_gmt":"2025-08-26T16:11:37","guid":{"rendered":"https:\/\/themalloutlet.pl\/?post_type=product&#038;p=2007"},"modified":"2025-09-17T17:10:06","modified_gmt":"2025-09-17T15:10:06","slug":"nike-air-force-1-07-lv8-suede-light-smoke-grey","status":"publish","type":"product","link":"https:\/\/themalloutlet.pl\/?product=nike-air-force-1-07-lv8-suede-light-smoke-grey","title":{"rendered":"Nike AIR FORCE 1 07 LV8 SUEDE LIGHT SMOKE GREY"},"content":{"rendered":"<h3 data-start=\"200\" data-end=\"273\"><strong data-start=\"204\" data-end=\"271\">Nike Air Force 1 &#8217;07 LV8 Suede \u201eLight Smoke Grey\u201d \u2013 Sneaker Low<\/strong><\/h3>\n<p data-start=\"275\" data-end=\"732\">Nike Air Force 1 to model, kt\u00f3ry od czterech dekad pozostaje ikon\u0105 streetwearu i sneakersowej kultury. W ods\u0142onie <em data-start=\"389\" data-end=\"419\">LV8 Suede \u201eLight Smoke Grey\u201d<\/em> klasyczna sylwetka buta zosta\u0142a od\u015bwie\u017cona dzi\u0119ki mi\u0119kkiej cholewce z wysokiej jako\u015bci zamszu w subtelnym, dymnoszarym kolorze. Minimalistyczny design podkre\u015blony jest ton w ton detalami i kontrastuj\u0105c\u0105 bia\u0142\u0105 podeszw\u0105 Air, kt\u00f3ra nie tylko nadaje elegancji, ale r\u00f3wnie\u017c zapewnia niezr\u00f3wnany komfort na co dzie\u0144.<\/p>\n<p data-start=\"734\" data-end=\"1162\">To wydanie Air Force 1 \u0142\u0105czy ponadczasowy styl z nowoczesnym charakterem \u2013 idealne zar\u00f3wno do casualowych, jak i bardziej eleganckich stylizacji. Dzi\u0119ki neutralnej kolorystyce <em data-start=\"910\" data-end=\"928\">Light Smoke Grey<\/em> buty s\u0105 niezwykle uniwersalne, a jednocze\u015bnie dzi\u0119ki materia\u0142owi premium wyr\u00f3\u017cniaj\u0105 si\u0119 na tle klasycznych modeli. AF1 LV8 Suede to wyb\u00f3r dla os\u00f3b, kt\u00f3re ceni\u0105 ikoniczny design, ale szukaj\u0105 w nim nowej jako\u015bci i wyj\u0105tkowych detali.<\/p>\n<hr data-start=\"1164\" data-end=\"1167\" \/>\n<h3 data-start=\"1169\" data-end=\"1197\"><strong data-start=\"1173\" data-end=\"1195\">Szczeg\u00f3\u0142y produktu<\/strong><\/h3>\n<ul data-start=\"1198\" data-end=\"1550\">\n<li data-start=\"1198\" data-end=\"1276\">\n<p data-start=\"1200\" data-end=\"1276\"><strong data-start=\"1200\" data-end=\"1210\">Model:<\/strong> Nike Air Force 1 &#8217;07 LV8 Suede \u201eLight Smoke Grey\u201d \u2013 Sneaker Low<\/p>\n<\/li>\n<li data-start=\"1277\" data-end=\"1331\">\n<p data-start=\"1279\" data-end=\"1331\"><strong data-start=\"1279\" data-end=\"1312\">Numer seryjny \/ kod produktu:<\/strong> <em data-start=\"1313\" data-end=\"1329\"><strong data-start=\"1314\" data-end=\"1328\">DM0724-001<\/strong><\/em><\/p>\n<\/li>\n<li data-start=\"1332\" data-end=\"1400\">\n<p data-start=\"1334\" data-end=\"1400\"><strong data-start=\"1334\" data-end=\"1347\">Cholewka:<\/strong> zamsz wysokiej jako\u015bci w odcieniu Light Smoke Grey<\/p>\n<\/li>\n<li data-start=\"1401\" data-end=\"1467\">\n<p data-start=\"1403\" data-end=\"1467\"><strong data-start=\"1403\" data-end=\"1416\">Podeszwa:<\/strong> pianka z systemem Air dla amortyzacji i komfortu<\/p>\n<\/li>\n<li data-start=\"1468\" data-end=\"1504\">\n<p data-start=\"1470\" data-end=\"1504\"><strong data-start=\"1470\" data-end=\"1479\">Styl:<\/strong> lifestyle \/ streetwear<\/p>\n<\/li>\n<li data-start=\"1505\" data-end=\"1550\">\n<p data-start=\"1507\" data-end=\"1550\"><strong data-start=\"1507\" data-end=\"1523\">Kolorystyka:<\/strong> Light Smoke Grey \/ White<\/p>\n<\/li>\n<\/ul>\n<hr data-start=\"1552\" data-end=\"1555\" \/>\n<p data-start=\"1557\" data-end=\"1704\">\ud83d\uded2 <em data-start=\"1479\" data-end=\"1692\">Produkt w wersji outletowej \u2013 oryginalny model w specjalnej cenie. Para mo\u017ce posiada\u0107 drobne \u015blady magazynowania lub minimalne niedoskona\u0142o\u015bci kosmetyczne, kt\u00f3re nie wp\u0142ywaj\u0105 na komfort ani trwa\u0142o\u015b\u0107 u\u017cytkowania.<\/em><\/p>\n","protected":false},"excerpt":{"rendered":"<p><strong data-start=\"1745\" data-end=\"1798\">Nike Air Force 1 &#8217;07 LV8 Suede \u201eLight Smoke Grey\u201d<\/strong> to klasyczna sylwetka AF1 w nowym wydaniu z zamszow\u0105 cholewk\u0105 premium i ponadczasow\u0105 kolorystyk\u0105.<\/p>\n","protected":false},"featured_media":2017,"comment_status":"open","ping_status":"closed","template":"","meta":[],"product_brand":[],"product_cat":[47,50],"product_tag":[],"class_list":{"0":"post-2007","1":"product","2":"type-product","3":"status-publish","4":"has-post-thumbnail","6":"product_cat-buty","7":"product_cat-nike","9":"first","10":"instock","11":"sale","12":"shipping-taxable","13":"purchasable","14":"product-type-variable"},"jetpack_sharing_enabled":true,"_links":{"self":[{"href":"https:\/\/themalloutlet.pl\/index.php?rest_route=\/wp\/v2\/product\/2007","targetHints":{"allow":["GET"]}}],"collection":[{"href":"https:\/\/themalloutlet.pl\/index.php?rest_route=\/wp\/v2\/product"}],"about":[{"href":"https:\/\/themalloutlet.pl\/index.php?rest_route=\/wp\/v2\/types\/product"}],"replies":[{"embeddable":true,"href":"https:\/\/themalloutlet.pl\/index.php?rest_route=%2Fwp%2Fv2%2Fcomments&post=2007"}],"wp:featuredmedia":[{"embeddable":true,"href":"https:\/\/themalloutlet.pl\/index.php?rest_route=\/wp\/v2\/media\/2017"}],"wp:attachment":[{"href":"https:\/\/themalloutlet.pl\/index.php?rest_route=%2Fwp%2Fv2%2Fmedia&parent=2007"}],"wp:term":[{"taxonomy":"product_brand","embeddable":true,"href":"https:\/\/themalloutlet.pl\/index.php?rest_route=%2Fwp%2Fv2%2Fproduct_brand&post=2007"},{"taxonomy":"product_cat","embeddable":true,"href":"https:\/\/themalloutlet.pl\/index.php?rest_route=%2Fwp%2Fv2%2Fproduct_cat&post=2007"},{"taxonomy":"product_tag","embeddable":true,"href":"https:\/\/themalloutlet.pl\/index.php?rest_route=%2Fwp%2Fv2%2Fproduct_tag&post=2007"}],"curies":[{"name":"wp","href":"https:\/\/api.w.org\/{rel}","templated":true}]}}