{"id":1773,"date":"2025-08-21T13:25:38","date_gmt":"2025-08-21T11:25:38","guid":{"rendered":"https:\/\/themalloutlet.pl\/?post_type=product&#038;p=1773"},"modified":"2025-09-17T10:43:15","modified_gmt":"2025-09-17T08:43:15","slug":"adidas-samba-adv-bialy-ftwwht-cblack-gum5","status":"publish","type":"product","link":"https:\/\/themalloutlet.pl\/?product=adidas-samba-adv-bialy-ftwwht-cblack-gum5","title":{"rendered":"Adidas Samba ADV &#8211; bia\u0142y (ftwwht\/cblack\/gum5)"},"content":{"rendered":"<h3 class=\"description_subtitle__5h3_L\">SAMBA ORIGINALS<\/h3>\n<p class=\"description_margin__cBW26\">Buty Samba, kt\u00f3re narodzi\u0142y si\u0119 na boisku, sta\u0142y si\u0119 ponadczasow\u0105 ikon\u0105 stylu miejskiego. Ta sylwetka pozostaje wierna tradycji za spraw\u0105 gustownej, niskoprofilowej cholewki z mi\u0119kkiej sk\u00f3ry, zamszowych nak\u0142adek i gumowej podeszwy, dzi\u0119ki czemu jest podstawowym elementem garderoby ka\u017cdego \u2014 na boisku i poza nim.<\/p>\n<div class=\"accordion_accordion__header-text__PURGn\">\n<h3 class=\"accordion-title_accordion-title__jvGG7\">Szczeg\u00f3\u0142y<\/h3>\n<\/div>\n<div id=\":r2:\" class=\"accordion_accordion__content__dWvE_\">\n<div class=\"accordion_content-padding__TgU_h\">\n<div>\n<div class=\"specifications_bullets__y3Sdm\" data-auto-id=\"specifications-section\" data-testid=\"specifications-section\">\n<ul class=\"gl-list vertical-space-small\">\n<li class=\"vertical-space-small\">Standardowy kr\u00f3j<\/li>\n<li class=\"vertical-space-small\">Model sznurowany<\/li>\n<li class=\"vertical-space-small\">Cholewka ze sk\u00f3ry gruboziarnistej z detalami z ziarnistego zamszu i z\u0142otej folii<\/li>\n<li class=\"vertical-space-small\">Wy\u015bci\u00f3\u0142ka z syntetycznej sk\u00f3ry; gumowa podeszwa<\/li>\n<\/ul>\n<ul class=\"gl-list vertical-space-small\">\n<li class=\"vertical-space-small\">Gumowa podeszwa \u015brodkowa<\/li>\n<li class=\"vertical-space-small\">Kolor produktu: Cloud White \/ Core Black \/ Clear Granite<\/li>\n<li class=\"vertical-space-small\">Kod produktu: B7580<\/li>\n<\/ul>\n<p>*Produkt <strong data-start=\"358\" data-end=\"369\" data-is-only-node=\"\">outletowy<\/strong> mo\u017ce, ale NIE MUSI, zawiera\u0107 drobne \u015blady mierzenia lub niewielkie wady fabryczne.<\/p>\n<\/div>\n<\/div>\n<\/div>\n<\/div>\n","protected":false},"excerpt":{"rendered":"<p><strong data-start=\"0\" data-end=\"19\">Adidas Samba OG<\/strong> to klasyk z boiska, kt\u00f3ry z czasem sta\u0142 si\u0119 ikon\u0105 miejskiego stylu i wci\u0105\u017c trzyma si\u0119 swojej smuk\u0142ej, niskoprofilowej sylwetki.<\/p>\n","protected":false},"featured_media":1812,"comment_status":"open","ping_status":"closed","template":"","meta":[],"product_brand":[],"product_cat":[49,47],"product_tag":[],"class_list":{"0":"post-1773","1":"product","2":"type-product","3":"status-publish","4":"has-post-thumbnail","6":"product_cat-adidas","7":"product_cat-buty","9":"first","10":"instock","11":"sale","12":"shipping-taxable","13":"purchasable","14":"product-type-variable"},"jetpack_sharing_enabled":true,"_links":{"self":[{"href":"https:\/\/themalloutlet.pl\/index.php?rest_route=\/wp\/v2\/product\/1773","targetHints":{"allow":["GET"]}}],"collection":[{"href":"https:\/\/themalloutlet.pl\/index.php?rest_route=\/wp\/v2\/product"}],"about":[{"href":"https:\/\/themalloutlet.pl\/index.php?rest_route=\/wp\/v2\/types\/product"}],"replies":[{"embeddable":true,"href":"https:\/\/themalloutlet.pl\/index.php?rest_route=%2Fwp%2Fv2%2Fcomments&post=1773"}],"wp:featuredmedia":[{"embeddable":true,"href":"https:\/\/themalloutlet.pl\/index.php?rest_route=\/wp\/v2\/media\/1812"}],"wp:attachment":[{"href":"https:\/\/themalloutlet.pl\/index.php?rest_route=%2Fwp%2Fv2%2Fmedia&parent=1773"}],"wp:term":[{"taxonomy":"product_brand","embeddable":true,"href":"https:\/\/themalloutlet.pl\/index.php?rest_route=%2Fwp%2Fv2%2Fproduct_brand&post=1773"},{"taxonomy":"product_cat","embeddable":true,"href":"https:\/\/themalloutlet.pl\/index.php?rest_route=%2Fwp%2Fv2%2Fproduct_cat&post=1773"},{"taxonomy":"product_tag","embeddable":true,"href":"https:\/\/themalloutlet.pl\/index.php?rest_route=%2Fwp%2Fv2%2Fproduct_tag&post=1773"}],"curies":[{"name":"wp","href":"https:\/\/api.w.org\/{rel}","templated":true}]}}