{"id":1652,"date":"2025-08-18T16:34:25","date_gmt":"2025-08-18T14:34:25","guid":{"rendered":"https:\/\/themalloutlet.pl\/?post_type=product&#038;p=1652"},"modified":"2025-09-12T12:38:33","modified_gmt":"2025-09-12T10:38:33","slug":"adidas-yeezy-boost-350-v2-onyx","status":"publish","type":"product","link":"https:\/\/themalloutlet.pl\/?product=adidas-yeezy-boost-350-v2-onyx","title":{"rendered":"Adidas Yeezy Boost 350 V2 Onyx"},"content":{"rendered":"<div id=\"box_description\" class=\"product-tab\" tabindex=\"0\" role=\"tabpanel\" data-tab=\"box_description\" aria-labelledby=\"box_description_tab\">\n<div class=\"innerbox\">\n<div class=\"resetcss fr-view\">\n<p><strong>Adidas Yeezy Boost 350 V2 Onyx<\/strong> to wyj\u0105tkowe po\u0142\u0105czenie wizjonerskiego stylu Kanye Westa i zaawansowanej technologii adidas. Prezentuj\u0105c monochromatyczny, czarny design, ten model wprowadza elegancj\u0119 i minimalizm do kolekcji Yeezy, zachwycaj\u0105c jednocze\u015bnie swoj\u0105 wygod\u0105 i wydajno\u015bci\u0105. Cholewka but\u00f3w wykonana jest z czarnej tkaniny Primeknit, kt\u00f3ra kontrastuje z przezroczystym paskiem z siateczki na boku. Zamiast klasycznego napisu, pasek wprowadza subtelny kontrast, dodaj\u0105c g\u0142\u0119bi. Czarne sznurowad\u0142a oraz parciany pull tab na zapi\u0119tku dope\u0142niaj\u0105 dyskretn\u0105 palet\u0119 barw. Charakterystyczna podeszwa BOOST zapewnia nie tylko wyj\u0105tkowy komfort i wsparcie, ale r\u00f3wnie\u017c niezr\u00f3wnan\u0105 amortyzacj\u0119, dzi\u0119ki\u00a0czemu czujemy komfort nawet podczas d\u0142ugich w\u0119dr\u00f3wek. Podeszwa \u015brodkowa Boost o pe\u0142nej d\u0142ugo\u015bci otoczona jest \u017cebrowan\u0105, p\u00f3\u0142przezroczyst\u0105 klatk\u0105 z TPU, utrzyman\u0105 w tym samym monochromatycznym stylu co reszta buta. Adidas Yeezy Boost 350 V2 Onyx to jedna z najprostszych, a jednocze\u015bnie naj\u0142adniejszych ciemnych kolorystyk, jakie wysz\u0142y spod r\u0119ki Kanye Westa. S\u0105 to nie tylko \u015bwietnie wygl\u0105daj\u0105ce buty, ale tak\u017ce wygodne i trwa\u0142e, zyskuj\u0105c uznanie w\u015br\u00f3d fan\u00f3w marki. Wariant Onyx to doskona\u0142a propozycja dla tych, kt\u00f3rzy ceni\u0105 sobie elegancj\u0119, minimalizm i wyj\u0105tkowy komfort noszenia.<\/p>\n<p>&nbsp;<\/p>\n<p>P<em>otrzebujesz wi\u0119cej informacji? Nie ma twojego rozmiaru?<\/em>\u00a0<a title=\"Skontaktujsi\u0119znamiprzezinstagrama\" href=\"https:\/\/www.instagram.com\/dorawastore\">Skontaktuj si\u0119 z nami przez instagrama<\/a><\/p>\n<\/div>\n<\/div>\n<\/div>\n","protected":false},"excerpt":{"rendered":"<p>Adidas Yeezy Boost 350 V2 Onyx to wyj\u0105tkowe po\u0142\u0105czenie wizjonerskiego stylu Kanye Westa i zaawansowanej technologii adidas. Prezentuj\u0105c monochromatyczny, czarny design, ten model wprowadza elegancj\u0119 i minimalizm do kolekcji Yeezy,&#8230;<\/p>\n","protected":false},"featured_media":2642,"comment_status":"open","ping_status":"closed","template":"","meta":[],"product_brand":[],"product_cat":[46],"product_tag":[],"class_list":{"0":"post-1652","1":"product","2":"type-product","3":"status-publish","4":"has-post-thumbnail","6":"product_cat-yeezy","8":"first","9":"instock","10":"shipping-taxable","11":"purchasable","12":"product-type-simple"},"jetpack_sharing_enabled":true,"_links":{"self":[{"href":"https:\/\/themalloutlet.pl\/index.php?rest_route=\/wp\/v2\/product\/1652","targetHints":{"allow":["GET"]}}],"collection":[{"href":"https:\/\/themalloutlet.pl\/index.php?rest_route=\/wp\/v2\/product"}],"about":[{"href":"https:\/\/themalloutlet.pl\/index.php?rest_route=\/wp\/v2\/types\/product"}],"replies":[{"embeddable":true,"href":"https:\/\/themalloutlet.pl\/index.php?rest_route=%2Fwp%2Fv2%2Fcomments&post=1652"}],"wp:featuredmedia":[{"embeddable":true,"href":"https:\/\/themalloutlet.pl\/index.php?rest_route=\/wp\/v2\/media\/2642"}],"wp:attachment":[{"href":"https:\/\/themalloutlet.pl\/index.php?rest_route=%2Fwp%2Fv2%2Fmedia&parent=1652"}],"wp:term":[{"taxonomy":"product_brand","embeddable":true,"href":"https:\/\/themalloutlet.pl\/index.php?rest_route=%2Fwp%2Fv2%2Fproduct_brand&post=1652"},{"taxonomy":"product_cat","embeddable":true,"href":"https:\/\/themalloutlet.pl\/index.php?rest_route=%2Fwp%2Fv2%2Fproduct_cat&post=1652"},{"taxonomy":"product_tag","embeddable":true,"href":"https:\/\/themalloutlet.pl\/index.php?rest_route=%2Fwp%2Fv2%2Fproduct_tag&post=1652"}],"curies":[{"name":"wp","href":"https:\/\/api.w.org\/{rel}","templated":true}]}}