{"id":11,"date":"2025-08-21T14:20:29","date_gmt":"2025-08-21T12:20:29","guid":{"rendered":"https:\/\/themalloutlet.pl\/?page_id=11"},"modified":"2025-08-21T14:20:30","modified_gmt":"2025-08-21T12:20:30","slug":"zwroty","status":"publish","type":"page","link":"https:\/\/themalloutlet.pl\/?page_id=11","title":{"rendered":"Polityka zwrot\u00f3w"},"content":{"rendered":"\n<p>Chcemy, aby zakupy w naszym outlecie by\u0142y dla Ciebie wygodne i bezpieczne. Je\u017celi produkt nie spe\u0142nia Twoich oczekiwa\u0144, mo\u017cesz go zwr\u00f3ci\u0107 zgodnie z poni\u017cszymi zasadami:<\/p>\n\n\n\n<p>Je\u017celi produkt posiada wad\u0119 fabryczn\u0105 lub jest niezgodny z opisem, masz prawo do z\u0142o\u017cenia reklamacji zgodnie z obowi\u0105zuj\u0105cymi przepisami prawa konsumenckiego.<\/p>\n\n\n\n<p><strong>Prawo odst\u0105pienia od umowy<\/strong><\/p>\n\n\n\n<p>Masz prawo zwr\u00f3ci\u0107 zakupiony produkt w ci\u0105gu <strong>14 dni kalendarzowych<\/strong> od dnia jego otrzymania, bez podania przyczyny.<\/p>\n\n\n\n<p>Aby skorzysta\u0107 z prawa zwrotu, poinformuj nas o swojej decyzji drog\u0105 mailow\u0105 lub poprzez formularz zwrotu.<\/p>\n\n\n\n<p><strong>Warunki zwrotu<\/strong><\/p>\n\n\n\n<p>Produkt musi by\u0107 w stanie nienaruszonym, bez \u015blad\u00f3w u\u017cytkowania, w oryginalnym opakowaniu (je\u015bli to mo\u017cliwe).<\/p>\n\n\n\n<p>Do przesy\u0142ki zwrotnej nale\u017cy do\u0142\u0105czy\u0107 dow\u00f3d zakupu (paragon\/faktur\u0119).<\/p>\n\n\n\n<p><strong>Zwrot pieni\u0119dzy<\/strong><\/p>\n\n\n\n<p>Zwrot \u015brodk\u00f3w nast\u0105pi w ci\u0105gu <strong>14 dni od otrzymania zwr\u00f3conego produktu<\/strong> t\u0105 sam\u0105 metod\u0105 p\u0142atno\u015bci, jak\u0105 dokonano zakupu, chyba \u017ce ustalimy inaczej.<\/p>\n\n\n\n<p>Nie zwracamy koszt\u00f3w przesy\u0142ki zwrotnej \u2013 pokrywa je klient (chyba \u017ce produkt by\u0142 wadliwy lub wys\u0142any niezgodnie z zam\u00f3wieniem).<\/p>\n\n\n\n<p><strong>Produkty niepodlegaj\u0105ce zwrotowi<\/strong><\/p>\n\n\n\n<p>Towary przecenione w ramach wyprzeda\u017cy outletowej mog\u0105 nie podlega\u0107 zwrotowi, je\u015bli zosta\u0142o to wyra\u017anie zaznaczone w ofercie.<\/p>\n\n\n\n<p>Ze wzgl\u0119d\u00f3w higienicznych nie przyjmujemy zwrot\u00f3w bielizny, skarpet oraz produkt\u00f3w kosmetycznych po otwarciu opakowania.<\/p>\n\n\n\n<p><strong>Reklamacje<\/strong><\/p>\n\n\n\n<p>Je\u017celi produkt posiada wad\u0119 fabryczn\u0105 lub jest niezgodny z opisem, masz prawo do z\u0142o\u017cenia reklamacji zgodnie z obowi\u0105zuj\u0105cymi przepisami prawa konsumenckiego.<\/p>\n\n\n\n<p><\/p>\n","protected":false},"excerpt":{"rendered":"<p>Chcemy, aby zakupy w naszym outlecie by\u0142y dla Ciebie wygodne i bezpieczne. Je\u017celi produkt nie spe\u0142nia Twoich oczekiwa\u0144, mo\u017cesz go zwr\u00f3ci\u0107 zgodnie z poni\u017cszymi zasadami: Je\u017celi produkt posiada wad\u0119 fabryczn\u0105&#8230;<\/p>\n","protected":false},"author":1,"featured_media":0,"parent":0,"menu_order":0,"comment_status":"closed","ping_status":"closed","template":"","meta":{"footnotes":""},"class_list":["post-11","page","type-page","status-publish"],"jetpack_sharing_enabled":true,"_links":{"self":[{"href":"https:\/\/themalloutlet.pl\/index.php?rest_route=\/wp\/v2\/pages\/11","targetHints":{"allow":["GET"]}}],"collection":[{"href":"https:\/\/themalloutlet.pl\/index.php?rest_route=\/wp\/v2\/pages"}],"about":[{"href":"https:\/\/themalloutlet.pl\/index.php?rest_route=\/wp\/v2\/types\/page"}],"author":[{"embeddable":true,"href":"https:\/\/themalloutlet.pl\/index.php?rest_route=\/wp\/v2\/users\/1"}],"replies":[{"embeddable":true,"href":"https:\/\/themalloutlet.pl\/index.php?rest_route=%2Fwp%2Fv2%2Fcomments&post=11"}],"version-history":[{"count":1,"href":"https:\/\/themalloutlet.pl\/index.php?rest_route=\/wp\/v2\/pages\/11\/revisions"}],"predecessor-version":[{"id":1778,"href":"https:\/\/themalloutlet.pl\/index.php?rest_route=\/wp\/v2\/pages\/11\/revisions\/1778"}],"wp:attachment":[{"href":"https:\/\/themalloutlet.pl\/index.php?rest_route=%2Fwp%2Fv2%2Fmedia&parent=11"}],"curies":[{"name":"wp","href":"https:\/\/api.w.org\/{rel}","templated":true}]}}